{"id":84,"date":"2018-02-20T15:12:38","date_gmt":"2018-02-20T15:12:38","guid":{"rendered":"https:\/\/marianomontoya.com\/?page_id=84"},"modified":"2020-09-14T14:57:28","modified_gmt":"2020-09-14T14:57:28","slug":"bio","status":"publish","type":"page","link":"https:\/\/marianomontoya.com\/?page_id=84","title":{"rendered":"Bio"},"content":{"rendered":"<p>[vc_row][vc_column][vc_column_text]<\/p>\n<p><img loading=\"lazy\" class=\"alignnone size-full wp-image-87 alignleft\" src=\"https:\/\/marianomontoya.com\/wp-content\/uploads\/2018\/02\/pp-1.jpg\" alt=\"\" width=\"474\" height=\"474\" srcset=\"https:\/\/marianomontoya.com\/wp-content\/uploads\/2018\/02\/pp-1.jpg 474w, https:\/\/marianomontoya.com\/wp-content\/uploads\/2018\/02\/pp-1-150x150.jpg 150w, https:\/\/marianomontoya.com\/wp-content\/uploads\/2018\/02\/pp-1-300x300.jpg 300w, https:\/\/marianomontoya.com\/wp-content\/uploads\/2018\/02\/pp-1-468x468.jpg 468w\" sizes=\"(max-width: 474px) 100vw, 474px\" \/><\/p>\n<p class=\"p1\"><strong><span class=\"s1\">Mariano Montoya <\/span><\/strong>(Tomelloso, Espa\u00f1a, 1950) lleva m\u00e1s de cuarenta a\u00f1os dedicado a la actividad art\u00edstica, centr\u00e1ndose principalmente en la pintura y la escultura. De formaci\u00f3n autodidacta, en sus comienzos -fascinado por las obras de los maestros antiguos-, visitaba con frecuencia el Museo del Prado, tratando de desentra\u00f1ar, por medio de la observaci\u00f3n paciente y met\u00f3dica, algunos de los procedimientos pict\u00f3ricos, que, m\u00e1s tarde, ya en su estudio, intentaba poner en pr\u00e1ctica.<\/p>\n<p class=\"p1\">Tras una larga trayectoria de experimentaci\u00f3n, de la que acumula una producci\u00f3n variada y extensa, sorprende la versatilidad del artista en el uso de m\u00faltiples recursos y t\u00e9cnicas, donde siempre destacan -otorgando al conjunto de su obra una inesperada unidad- la importancia dada al color y las texturas: pintura de caballete de corte realista, collage, abstracci\u00f3n, pintura mat\u00e9rica, por poner solo algunos ejemplos.<\/p>\n<p class=\"p2\">La selecci\u00f3n de obras presentadas en este sitio, traza un recorrido a trav\u00e9s de un mundo on\u00edrico en constante movimiento, poblado por seres misteriosos que dialogan, mutan y se manifiestan, en ocasiones de forma ins\u00f3lita, dejando perplejo al espectador. Los temas centrales, que vertebran gran parte de sus \u00faltimos trabajos (la diversidad, la discriminaci\u00f3n, el cambio clim\u00e1tico, las consecuencias devastadoras de la guerra), son, a su vez, los que m\u00e1s preocupan al autor, y los mismos que preocuparon a su hermano <span class=\"s1\">Juan Manuel Montoya <\/span>-m\u00e9dico y defensor de los derechos del pueblo gitano-, fallecido de forma prematura a los veintinueve a\u00f1os. Dicha serie de obras, en palabras del artista, \u00abson un homenaje a mi hermano Juan Manuel, que a pesar de su corta vida, dej\u00f3 una huella imborrable en la memoria de los marginados. Y, al mismo tiempo, un homenaje a todos aquellos que, por ser diferentes, sufren o han sufrido el desprecio, la persecuci\u00f3n y el exterminio. A los que aman la paz y desprecian la violencia; a los que sue\u00f1an con un mundo donde todos quepan en armon\u00eda\u00bb.<\/p>\n<p>Amara Montoya<\/p>\n<hr>\n<p><strong>Mariano Montoya<\/strong>&nbsp;es un pintor autodidacta, t\u00e9cnicamente bien dotado, vers\u00e1til, de pincelada limpia, amante del arte y so\u00f1ador como todo gran maestro. De \u00e9l y su obra se pueden escribir muchas cosas, yo como testigo de excepci\u00f3n, s\u00f3lo me limitar\u00e9 a hacer una semblanza de algunas vivencias que den una idea de su persona, su arte y su enorme talento.<\/p>\n<p style=\"text-align: left;\">Puedo decir que el preciosismo que \u00e9l cultiva es dif\u00edcil de superar, por su depurada t\u00e9cnica, cromatismo, transparencias, luces, sombras, atm\u00f3sferas, texturas y sobre todo por su gran imaginaci\u00f3n como artista; es agradable o\u00edrle contar las ideas e historias que le mueven para pintar; haciendo que sus obras no sean una reproducci\u00f3n de la realidad, sino que detr\u00e1s de ellas haya toda una trama imaginaria, como si se tratara de una fabula o un cuento atrapado en la composici\u00f3n de cada lienzo. Para \u00e9l no tiene sentido una obra sin una esencia, un contenido, un mensaje o una historia, es decir, que las obras tienen que tener esp\u00edritu propio, el alma del pintor, para deleite de quienes las contemplan.<\/p>\n<p style=\"text-align: left;\">Hablar de la trayectoria profesional de Mariano Montoya no es nada f\u00e1cil, porque su peculiar filosof\u00eda de la vida, su car\u00e1cter reservado y su aparente timidez han sido condicionantes infranqueables a la hora de promocionar su obra; siempre fue reacio a todo tipo de publicidad; es un convencido de que sus obras por s\u00ed solas, se abren camino y seguir\u00e1n haci\u00e9ndolo a trav\u00e9s del tiempo, por eso, huye de la promoci\u00f3n art\u00edstica.<\/p>\n<p style=\"text-align: left;\">Mariano Montoya, con quien cont\u00e9 en mis inicios como promotor y marchante de arte, en su pintura, nos deja como legado una rica variedad art\u00edstica, obras que son testimonio vivo de su enorme talento, obras figurativas, donde unas veces el detalle y otras la fuerza y soltura de su impronta, delatan un dominio exquisito del dibujo y una prodigiosa aplicaci\u00f3n del \u00f3leo con una t\u00e9cnica depurada. Sus obras son reveladoras de una sensibilidad especial, predispuesta para captar la imagen y su contenido m\u00e1s all\u00e1 de lo visual.<\/p>\n<p style=\"text-align: left;\">El maestro Mariano Montoya, es un valedor del virtuosismo t\u00e9cnico, su pincel escrupuloso busca la calidad art\u00edstica, encontrando siempre un afortunado tratamiento del color y de la luz. Est\u00e1 dotado de una gran imaginaci\u00f3n, que le ayuda a realizar un realismo imaginario que abduce; tambi\u00e9n ha explorado el expresionismo, los abstractos y el surrealismo; las vanguardias no le han sido indiferentes, de las que tomando sus diversas formas de expresi\u00f3n ha experimentado con elementos mat\u00e9ricos, para llevar su talento al encuentro con obras verdaderamente bellas, su mundo. Un estilo personal de ver el arte, un mensaje de vida a trav\u00e9s de su pintura.<\/p>\n<p style=\"text-align: left;\">Un poeta de la pintura, que incluso se atreve con la poes\u00eda de la que es un &#8220;conspicuo&#8221; an\u00f3nimo poeta, la \u00faltima vez que lo vi me recit\u00f3 unos versos compuestos por \u00e9l,&nbsp;a la soledad que le&nbsp;inspiraba una vieja puerta que yac\u00eda a solas con sus fantasmas.<\/p>\n<p style=\"text-align: left;\">Jorge Ernesto Ib\u00e1\u00f1ez Vergara<br>Poeta, Promotor y Cr\u00edtico de Arte.<\/p>\n<p>[\/vc_column_text][\/vc_column][\/vc_row]<\/p>\n<hr>\n\n\n<div class=\"wp-block-image size-large is-resized\"><figure class=\"aligncenter\"><img src=\"https:\/\/marianomontoya.com\/wp-content\/uploads\/2020\/09\/la-mutante-y-el-pintor-1024x710.jpg\" alt=\"\"\/><figcaption><em><span class=\"has-inline-color has-black-color\">Mariano Montoya posa junto a su obra &#8216;Mutante&#8217;, 2020. <\/span><\/em><\/figcaption><\/figure><\/div>\n","protected":false},"excerpt":{"rendered":"<p>[vc_row][vc_column][vc_column_text] Mariano Montoya (Tomelloso, Espa\u00f1a, 1950) lleva m\u00e1s de cuarenta a\u00f1os dedicado a la actividad art\u00edstica, centr\u00e1ndose principalmente en la pintura y la escultura. De formaci\u00f3n autodidacta, en sus comienzos -fascinado por las obras de los maestros antiguos-, visitaba con frecuencia el Museo del Prado, tratando de desentra\u00f1ar, por medio de la observaci\u00f3n paciente y&hellip;<\/p>\n","protected":false},"author":2,"featured_media":0,"parent":0,"menu_order":0,"comment_status":"closed","ping_status":"closed","template":"","meta":[],"_links":{"self":[{"href":"https:\/\/marianomontoya.com\/index.php?rest_route=\/wp\/v2\/pages\/84"}],"collection":[{"href":"https:\/\/marianomontoya.com\/index.php?rest_route=\/wp\/v2\/pages"}],"about":[{"href":"https:\/\/marianomontoya.com\/index.php?rest_route=\/wp\/v2\/types\/page"}],"author":[{"embeddable":true,"href":"https:\/\/marianomontoya.com\/index.php?rest_route=\/wp\/v2\/users\/2"}],"replies":[{"embeddable":true,"href":"https:\/\/marianomontoya.com\/index.php?rest_route=%2Fwp%2Fv2%2Fcomments&post=84"}],"version-history":[{"count":15,"href":"https:\/\/marianomontoya.com\/index.php?rest_route=\/wp\/v2\/pages\/84\/revisions"}],"predecessor-version":[{"id":294,"href":"https:\/\/marianomontoya.com\/index.php?rest_route=\/wp\/v2\/pages\/84\/revisions\/294"}],"wp:attachment":[{"href":"https:\/\/marianomontoya.com\/index.php?rest_route=%2Fwp%2Fv2%2Fmedia&parent=84"}],"curies":[{"name":"wp","href":"https:\/\/api.w.org\/{rel}","templated":true}]}}