{"id":93,"date":"2018-02-20T15:53:45","date_gmt":"2018-02-20T15:53:45","guid":{"rendered":"https:\/\/marianomontoya.com\/?page_id=93"},"modified":"2018-02-20T18:07:56","modified_gmt":"2018-02-20T18:07:56","slug":"tienda","status":"publish","type":"page","link":"https:\/\/marianomontoya.com\/?page_id=93","title":{"rendered":"Tienda"},"content":{"rendered":"<p><img loading=\"lazy\" class=\"alignnone wp-image-114 size-full\" src=\"https:\/\/marianomontoya.com\/wp-content\/uploads\/2018\/02\/muestras-prints.jpg\" alt=\"\" width=\"1500\" height=\"476\" srcset=\"https:\/\/marianomontoya.com\/wp-content\/uploads\/2018\/02\/muestras-prints.jpg 1500w, https:\/\/marianomontoya.com\/wp-content\/uploads\/2018\/02\/muestras-prints-300x95.jpg 300w, https:\/\/marianomontoya.com\/wp-content\/uploads\/2018\/02\/muestras-prints-768x244.jpg 768w, https:\/\/marianomontoya.com\/wp-content\/uploads\/2018\/02\/muestras-prints-1024x325.jpg 1024w, https:\/\/marianomontoya.com\/wp-content\/uploads\/2018\/02\/muestras-prints-1116x354.jpg 1116w, https:\/\/marianomontoya.com\/wp-content\/uploads\/2018\/02\/muestras-prints-806x256.jpg 806w, https:\/\/marianomontoya.com\/wp-content\/uploads\/2018\/02\/muestras-prints-558x177.jpg 558w, https:\/\/marianomontoya.com\/wp-content\/uploads\/2018\/02\/muestras-prints-655x208.jpg 655w\" sizes=\"(max-width: 1500px) 100vw, 1500px\" \/><\/p>\n<hr \/>\n<p>Para adquirir <strong>obra original<\/strong> o solicitar alg\u00fan encargo especial, puedes ponerte en contacto con el artista a trav\u00e9s de la siguiente direcci\u00f3n de correo:\u00a0<strong><a href=\"mailto:info@marianomontoya.com\" target=\"_blank\" rel=\"noopener\">info@marianomontoya.com<\/a><\/strong><\/p>\n<p style=\"text-align: left;\">Si te interesa adquirir <strong>l\u00e1minas en diferentes formatos<\/strong> y soportes puedes hacerlo a trav\u00e9s de la tienda online:\u00a0<a href=\"https:\/\/society6.com\/mmontoya\/s?q=popular+prints\" target=\"_blank\" rel=\"noopener\"><strong>society6.com\/mmontoya<\/strong><\/a><\/p>\n<p>&nbsp;<\/p>\n<p>&nbsp;<\/p>\n","protected":false},"excerpt":{"rendered":"<p>Para adquirir obra original o solicitar alg\u00fan encargo especial, puedes ponerte en contacto con el artista a trav\u00e9s de la siguiente direcci\u00f3n de correo:\u00a0info@marianomontoya.com Si te interesa adquirir l\u00e1minas en diferentes formatos y soportes puedes hacerlo a trav\u00e9s de la tienda online:\u00a0society6.com\/mmontoya &nbsp; &nbsp;<\/p>\n","protected":false},"author":2,"featured_media":0,"parent":0,"menu_order":0,"comment_status":"closed","ping_status":"closed","template":"","meta":[],"_links":{"self":[{"href":"https:\/\/marianomontoya.com\/index.php?rest_route=\/wp\/v2\/pages\/93"}],"collection":[{"href":"https:\/\/marianomontoya.com\/index.php?rest_route=\/wp\/v2\/pages"}],"about":[{"href":"https:\/\/marianomontoya.com\/index.php?rest_route=\/wp\/v2\/types\/page"}],"author":[{"embeddable":true,"href":"https:\/\/marianomontoya.com\/index.php?rest_route=\/wp\/v2\/users\/2"}],"replies":[{"embeddable":true,"href":"https:\/\/marianomontoya.com\/index.php?rest_route=%2Fwp%2Fv2%2Fcomments&post=93"}],"version-history":[{"count":26,"href":"https:\/\/marianomontoya.com\/index.php?rest_route=\/wp\/v2\/pages\/93\/revisions"}],"predecessor-version":[{"id":132,"href":"https:\/\/marianomontoya.com\/index.php?rest_route=\/wp\/v2\/pages\/93\/revisions\/132"}],"wp:attachment":[{"href":"https:\/\/marianomontoya.com\/index.php?rest_route=%2Fwp%2Fv2%2Fmedia&parent=93"}],"curies":[{"name":"wp","href":"https:\/\/api.w.org\/{rel}","templated":true}]}}